{"id":87,"date":"2024-06-03T01:41:21","date_gmt":"2024-06-02T22:41:21","guid":{"rendered":"https:\/\/kurucaygroup.com\/?page_id=87"},"modified":"2025-08-11T02:05:03","modified_gmt":"2025-08-10T23:05:03","slug":"hakkimizda","status":"publish","type":"page","link":"https:\/\/kurucaygroup.com\/?page_id=87","title":{"rendered":"Hakk\u0131m\u0131zda"},"content":{"rendered":"\t\t<div data-elementor-type=\"wp-page\" data-elementor-id=\"87\" class=\"elementor elementor-87\">\n\t\t\t\t\t\t<section class=\"elementor-section elementor-top-section elementor-element elementor-element-75b23504 elementor-section-boxed elementor-section-height-default elementor-section-height-default\" data-id=\"75b23504\" data-element_type=\"section\" data-settings=\"{&quot;background_background&quot;:&quot;classic&quot;}\">\n\t\t\t\t\t\t\t<div class=\"elementor-background-overlay\"><\/div>\n\t\t\t\t\t\t\t<div class=\"elementor-container elementor-column-gap-default\">\n\t\t\t\t\t<div class=\"elementor-column elementor-col-100 elementor-top-column elementor-element elementor-element-3fc1cd52\" data-id=\"3fc1cd52\" data-element_type=\"column\">\n\t\t\t<div class=\"elementor-widget-wrap elementor-element-populated\">\n\t\t\t\t\t\t<div class=\"elementor-element elementor-element-381125be elementor-widget elementor-widget-heading\" data-id=\"381125be\" data-element_type=\"widget\" data-widget_type=\"heading.default\">\n\t\t\t\t<div class=\"elementor-widget-container\">\n\t\t\t<style>\/*! elementor - v3.21.0 - 26-05-2024 *\/\n.elementor-heading-title{padding:0;margin:0;line-height:1}.elementor-widget-heading .elementor-heading-title[class*=elementor-size-]>a{color:inherit;font-size:inherit;line-height:inherit}.elementor-widget-heading .elementor-heading-title.elementor-size-small{font-size:15px}.elementor-widget-heading .elementor-heading-title.elementor-size-medium{font-size:19px}.elementor-widget-heading .elementor-heading-title.elementor-size-large{font-size:29px}.elementor-widget-heading .elementor-heading-title.elementor-size-xl{font-size:39px}.elementor-widget-heading .elementor-heading-title.elementor-size-xxl{font-size:59px}<\/style><h2 class=\"elementor-heading-title elementor-size-default\">Hakk\u0131m\u0131zda<\/h2>\t\t<\/div>\n\t\t\t\t<\/div>\n\t\t\t\t\t<\/div>\n\t\t<\/div>\n\t\t\t\t\t<\/div>\n\t\t<\/section>\n\t\t\t\t<section class=\"elementor-section elementor-top-section elementor-element elementor-element-7d3ec9a elementor-section-boxed elementor-section-height-default elementor-section-height-default\" data-id=\"7d3ec9a\" data-element_type=\"section\">\n\t\t\t\t\t\t<div class=\"elementor-container elementor-column-gap-default\">\n\t\t\t\t\t<div class=\"elementor-column elementor-col-50 elementor-top-column elementor-element elementor-element-0598d66\" data-id=\"0598d66\" data-element_type=\"column\">\n\t\t\t<div class=\"elementor-widget-wrap elementor-element-populated\">\n\t\t\t\t\t\t<div class=\"elementor-element elementor-element-4b5efe6 elementor-widget elementor-widget-heading\" data-id=\"4b5efe6\" data-element_type=\"widget\" data-widget_type=\"heading.default\">\n\t\t\t\t<div class=\"elementor-widget-container\">\n\t\t\t<span class=\"elementor-heading-title elementor-size-default\">Hakk\u0131m\u0131zda<\/span>\t\t<\/div>\n\t\t\t\t<\/div>\n\t\t\t\t<div class=\"elementor-element elementor-element-5bae8a2 elementor-widget elementor-widget-heading\" data-id=\"5bae8a2\" data-element_type=\"widget\" data-widget_type=\"heading.default\">\n\t\t\t\t<div class=\"elementor-widget-container\">\n\t\t\t<h2 class=\"elementor-heading-title elementor-size-default\">Arsa, Plastik, \u0130n\u015faat\u2026 <br>T\u00fcm \u00c7\u00f6z\u00fcmler Tek \u00c7at\u0131 Alt\u0131nda<\/h2>\t\t<\/div>\n\t\t\t\t<\/div>\n\t\t\t\t<div class=\"elementor-element elementor-element-8c8dbd3 elementor-widget elementor-widget-text-editor\" data-id=\"8c8dbd3\" data-element_type=\"widget\" data-widget_type=\"text-editor.default\">\n\t\t\t\t<div class=\"elementor-widget-container\">\n\t\t\t<style>\/*! elementor - v3.21.0 - 26-05-2024 *\/\n.elementor-widget-text-editor.elementor-drop-cap-view-stacked .elementor-drop-cap{background-color:#69727d;color:#fff}.elementor-widget-text-editor.elementor-drop-cap-view-framed .elementor-drop-cap{color:#69727d;border:3px solid;background-color:transparent}.elementor-widget-text-editor:not(.elementor-drop-cap-view-default) .elementor-drop-cap{margin-top:8px}.elementor-widget-text-editor:not(.elementor-drop-cap-view-default) .elementor-drop-cap-letter{width:1em;height:1em}.elementor-widget-text-editor .elementor-drop-cap{float:left;text-align:center;line-height:1;font-size:50px}.elementor-widget-text-editor .elementor-drop-cap-letter{display:inline-block}<\/style>\t\t\t\t<p data-start=\"480\" data-end=\"817\">Kuru\u00e7ay Group, kurulu\u015fundan bu yana farkl\u0131 sekt\u00f6rlerdeki g\u00fc\u00e7l\u00fc varl\u0131\u011f\u0131 ve istikrarl\u0131 b\u00fcy\u00fcme politikas\u0131yla ad\u0131n\u0131 g\u00fcven ve kalite ile \u00f6zde\u015fle\u015ftirmi\u015ftir. Arsa geli\u015ftirme, plastik \u00fcretimi ve in\u015faat alanlar\u0131ndaki faaliyetlerimizle, hem \u00fclkemizin ekonomik kalk\u0131nmas\u0131na katk\u0131da bulunuyor hem de m\u00fc\u015fterilerimize de\u011fer katan projeler sunuyoruz.<\/p><p data-start=\"819\" data-end=\"1322\">Arsa sekt\u00f6r\u00fcnde; yat\u0131r\u0131m potansiyeli y\u00fcksek, lokasyon avantaj\u0131na sahip ve gelece\u011fe d\u00f6n\u00fck projeler geli\u015ftirerek yat\u0131r\u0131mc\u0131lar\u0131m\u0131z i\u00e7in s\u00fcrd\u00fcr\u00fclebilir f\u0131rsatlar yarat\u0131yoruz. Plastik alan\u0131nda; modern \u00fcretim teknolojilerini, kalite standartlar\u0131na ba\u011fl\u0131 \u00fcretim anlay\u0131\u015f\u0131yla birle\u015ftirerek geni\u015f bir \u00fcr\u00fcn yelpazesi sunuyoruz. \u0130n\u015faat sekt\u00f6r\u00fcnde ise, m\u00fchendislik tecr\u00fcbemiz ve estetik vizyonumuzla ya\u015fam alanlar\u0131n\u0131 yaln\u0131zca in\u015fa etmekle kalm\u0131yor, ayn\u0131 zamanda g\u00fcvenli, fonksiyonel ve estetik \u00e7\u00f6z\u00fcmler \u00fcretiyoruz.<\/p><p data-start=\"1324\" data-end=\"1699\">Kuru\u00e7ay Group olarak, m\u00fc\u015fterilerimizin memnuniyetini her zaman en \u00fcstte tutuyor, d\u00fcr\u00fcstl\u00fck, \u015feffafl\u0131k ve profesyonellik ilkelerimizden \u00f6d\u00fcn vermeden \u00e7al\u0131\u015f\u0131yoruz. G\u00fcc\u00fcm\u00fcz\u00fc, sa\u011flam i\u015f ortakl\u0131klar\u0131m\u0131zdan, alan\u0131nda uzman kadromuzdan ve inovatif bak\u0131\u015f a\u00e7\u0131m\u0131zdan al\u0131yoruz. Gelecekte de sekt\u00f6rel liderli\u011fimizi s\u00fcrd\u00fcr\u00fcrek, \u00fclkemize ve i\u015f d\u00fcnyas\u0131na katk\u0131da bulunmaya devam edece\u011fiz.<\/p>\t\t\t\t\t\t<\/div>\n\t\t\t\t<\/div>\n\t\t\t\t\t<\/div>\n\t\t<\/div>\n\t\t\t\t<div class=\"elementor-column elementor-col-50 elementor-top-column elementor-element elementor-element-66a4476\" data-id=\"66a4476\" data-element_type=\"column\" data-settings=\"{&quot;background_background&quot;:&quot;classic&quot;}\">\n\t\t\t<div class=\"elementor-widget-wrap elementor-element-populated\">\n\t\t\t\t\t\t<section class=\"elementor-section elementor-inner-section elementor-element elementor-element-886688c elementor-section-boxed elementor-section-height-default elementor-section-height-default\" data-id=\"886688c\" data-element_type=\"section\">\n\t\t\t\t\t\t<div class=\"elementor-container elementor-column-gap-default\">\n\t\t\t\t\t<div class=\"elementor-column elementor-col-50 elementor-inner-column elementor-element elementor-element-a28acc9\" data-id=\"a28acc9\" data-element_type=\"column\" data-settings=\"{&quot;background_background&quot;:&quot;classic&quot;}\">\n\t\t\t<div class=\"elementor-widget-wrap elementor-element-populated\">\n\t\t\t\t\t\t<div class=\"elementor-element elementor-element-c59dbbd elementor-widget elementor-widget-image\" data-id=\"c59dbbd\" data-element_type=\"widget\" data-widget_type=\"image.default\">\n\t\t\t\t<div class=\"elementor-widget-container\">\n\t\t\t<style>\/*! elementor - v3.21.0 - 26-05-2024 *\/\n.elementor-widget-image{text-align:center}.elementor-widget-image a{display:inline-block}.elementor-widget-image a img[src$=\".svg\"]{width:48px}.elementor-widget-image img{vertical-align:middle;display:inline-block}<\/style>\t\t\t\t\t\t\t\t\t\t<img decoding=\"async\" src=\"https:\/\/kurucaygroup.com\/wp-content\/uploads\/elementor\/thumbs\/path566-qp364ve5ls4seag2aefdx48rqx3vvn8ntbaxaxd14w.png\" title=\"path566.png\" alt=\"path566.png\" loading=\"lazy\" \/>\t\t\t\t\t\t\t\t\t\t\t\t\t<\/div>\n\t\t\t\t<\/div>\n\t\t\t\t<div class=\"elementor-element elementor-element-6276d20 elementor-widget elementor-widget-heading\" data-id=\"6276d20\" data-element_type=\"widget\" data-widget_type=\"heading.default\">\n\t\t\t\t<div class=\"elementor-widget-container\">\n\t\t\t<h5 class=\"elementor-heading-title elementor-size-default\">ARSA<\/h5>\t\t<\/div>\n\t\t\t\t<\/div>\n\t\t\t\t<div class=\"elementor-element elementor-element-aad4121 elementor-widget elementor-widget-text-editor\" data-id=\"aad4121\" data-element_type=\"widget\" data-widget_type=\"text-editor.default\">\n\t\t\t\t<div class=\"elementor-widget-container\">\n\t\t\t\t\t\t\t<p>Kuru\u00e7ay Group, yat\u0131r\u0131m de\u011feri y\u00fcksek, stratejik lokasyonlarda yer alan arsa projeleri geli\u015ftirir. Profesyonel analiz, titiz planlama ve g\u00fcvenilir sat\u0131\u015f s\u00fcre\u00e7leri ile yat\u0131r\u0131mc\u0131lar\u0131na uzun vadeli kazan\u00e7 f\u0131rsatlar\u0131 sunar. Gelece\u011finizi g\u00fcvence alt\u0131na almak i\u00e7in do\u011fru adres Kuru\u00e7ay Group.<\/p>\t\t\t\t\t\t<\/div>\n\t\t\t\t<\/div>\n\t\t\t\t\t<\/div>\n\t\t<\/div>\n\t\t\t\t<div class=\"elementor-column elementor-col-50 elementor-inner-column elementor-element elementor-element-dd74422\" data-id=\"dd74422\" data-element_type=\"column\" data-settings=\"{&quot;background_background&quot;:&quot;classic&quot;}\">\n\t\t\t<div class=\"elementor-widget-wrap elementor-element-populated\">\n\t\t\t\t\t\t<div class=\"elementor-element elementor-element-58ff185 elementor-widget elementor-widget-image\" data-id=\"58ff185\" data-element_type=\"widget\" data-widget_type=\"image.default\">\n\t\t\t\t<div class=\"elementor-widget-container\">\n\t\t\t\t\t\t\t\t\t\t\t\t\t<img decoding=\"async\" src=\"https:\/\/kurucaygroup.com\/wp-content\/uploads\/elementor\/thumbs\/g178-qp365f4rlavt63ne34yjvh9g80eldaf0w104dqjri8.png\" title=\"g178.png\" alt=\"g178.png\" loading=\"lazy\" \/>\t\t\t\t\t\t\t\t\t\t\t\t\t<\/div>\n\t\t\t\t<\/div>\n\t\t\t\t<div class=\"elementor-element elementor-element-635e47c elementor-widget elementor-widget-heading\" data-id=\"635e47c\" data-element_type=\"widget\" data-widget_type=\"heading.default\">\n\t\t\t\t<div class=\"elementor-widget-container\">\n\t\t\t<h5 class=\"elementor-heading-title elementor-size-default\">PLAST\u0130K<\/h5>\t\t<\/div>\n\t\t\t\t<\/div>\n\t\t\t\t<div class=\"elementor-element elementor-element-7711f09 elementor-widget elementor-widget-text-editor\" data-id=\"7711f09\" data-element_type=\"widget\" data-widget_type=\"text-editor.default\">\n\t\t\t\t<div class=\"elementor-widget-container\">\n\t\t\t\t\t\t\t<p>Modern \u00fcretim tesislerimizde, uluslararas\u0131 kalite standartlar\u0131na uygun, dayan\u0131kl\u0131 ve \u00e7evre dostu plastik \u00fcr\u00fcnler \u00fcretiyoruz. Geni\u015f \u00fcr\u00fcn yelpazemiz, inovatif tasar\u0131mlar\u0131m\u0131z ve s\u00fcrd\u00fcr\u00fclebilir \u00fcretim anlay\u0131\u015f\u0131m\u0131zla sekt\u00f6r\u00fcn g\u00fcvenilir tedarik\u00e7isiyiz.<\/p>\t\t\t\t\t\t<\/div>\n\t\t\t\t<\/div>\n\t\t\t\t\t<\/div>\n\t\t<\/div>\n\t\t\t\t\t<\/div>\n\t\t<\/section>\n\t\t\t\t<section class=\"elementor-section elementor-inner-section elementor-element elementor-element-a417f56 elementor-section-boxed elementor-section-height-default elementor-section-height-default\" data-id=\"a417f56\" data-element_type=\"section\">\n\t\t\t\t\t\t<div class=\"elementor-container elementor-column-gap-default\">\n\t\t\t\t\t<div class=\"elementor-column elementor-col-100 elementor-inner-column elementor-element elementor-element-b6897cc\" data-id=\"b6897cc\" data-element_type=\"column\" data-settings=\"{&quot;background_background&quot;:&quot;classic&quot;}\">\n\t\t\t<div class=\"elementor-widget-wrap elementor-element-populated\">\n\t\t\t\t\t\t<div class=\"elementor-element elementor-element-06852c7 elementor-widget elementor-widget-image\" data-id=\"06852c7\" data-element_type=\"widget\" data-widget_type=\"image.default\">\n\t\t\t\t<div class=\"elementor-widget-container\">\n\t\t\t\t\t\t\t\t\t\t\t\t\t<img decoding=\"async\" src=\"https:\/\/kurucaygroup.com\/wp-content\/uploads\/elementor\/thumbs\/g250-qp365g2ls4x3hpm0xnd6fz0wte9ykzir85nlv0idc0.png\" title=\"g250.png\" alt=\"g250.png\" loading=\"lazy\" \/>\t\t\t\t\t\t\t\t\t\t\t\t\t<\/div>\n\t\t\t\t<\/div>\n\t\t\t\t<div class=\"elementor-element elementor-element-af9e4b9 elementor-widget elementor-widget-heading\" data-id=\"af9e4b9\" data-element_type=\"widget\" data-widget_type=\"heading.default\">\n\t\t\t\t<div class=\"elementor-widget-container\">\n\t\t\t<h5 class=\"elementor-heading-title elementor-size-default\">\u0130N\u015eAAT<\/h5>\t\t<\/div>\n\t\t\t\t<\/div>\n\t\t\t\t<div class=\"elementor-element elementor-element-1f81956 elementor-widget elementor-widget-text-editor\" data-id=\"1f81956\" data-element_type=\"widget\" data-widget_type=\"text-editor.default\">\n\t\t\t\t<div class=\"elementor-widget-container\">\n\t\t\t\t\t\t\t<p>Mimari estetik ve m\u00fchendislik g\u00fcc\u00fcn\u00fc birle\u015ftirerek, g\u00fcvenli, modern ve konforlu ya\u015fam alanlar\u0131 in\u015fa ediyoruz. Her projede kaliteyi, dayan\u0131kl\u0131l\u0131\u011f\u0131 ve m\u00fc\u015fteri memnuniyetini \u00f6n planda tutuyoruz.<\/p>\t\t\t\t\t\t<\/div>\n\t\t\t\t<\/div>\n\t\t\t\t\t<\/div>\n\t\t<\/div>\n\t\t\t\t\t<\/div>\n\t\t<\/section>\n\t\t\t\t\t<\/div>\n\t\t<\/div>\n\t\t\t\t\t<\/div>\n\t\t<\/section>\n\t\t\t\t<section class=\"elementor-section elementor-top-section elementor-element elementor-element-68dae934 elementor-section-boxed elementor-section-height-default elementor-section-height-default\" data-id=\"68dae934\" data-element_type=\"section\">\n\t\t\t\t\t\t<div class=\"elementor-container elementor-column-gap-default\">\n\t\t\t\t\t<div class=\"elementor-column elementor-col-100 elementor-top-column elementor-element elementor-element-2823c89f\" data-id=\"2823c89f\" data-element_type=\"column\" data-settings=\"{&quot;background_background&quot;:&quot;classic&quot;}\">\n\t\t\t<div class=\"elementor-widget-wrap elementor-element-populated\">\n\t\t\t\t\t\t<section class=\"elementor-section elementor-inner-section elementor-element elementor-element-15966ef elementor-section-boxed elementor-section-height-default elementor-section-height-default\" data-id=\"15966ef\" data-element_type=\"section\">\n\t\t\t\t\t\t<div class=\"elementor-container elementor-column-gap-default\">\n\t\t\t\t\t<div class=\"elementor-column elementor-col-33 elementor-inner-column elementor-element elementor-element-6666a06\" data-id=\"6666a06\" data-element_type=\"column\">\n\t\t\t<div class=\"elementor-widget-wrap elementor-element-populated\">\n\t\t\t\t\t\t<div class=\"elementor-element elementor-element-38f5ebae elementor-widget elementor-widget-counter\" data-id=\"38f5ebae\" data-element_type=\"widget\" data-widget_type=\"counter.default\">\n\t\t\t\t<div class=\"elementor-widget-container\">\n\t\t\t<style>\/*! elementor - v3.21.0 - 26-05-2024 *\/\n.elementor-counter{display:flex;justify-content:center;align-items:stretch;flex-direction:column-reverse}.elementor-counter .elementor-counter-number{flex-grow:var(--counter-number-grow,0)}.elementor-counter .elementor-counter-number-wrapper{flex:1;display:flex;font-size:69px;font-weight:600;line-height:1;text-align:center}.elementor-counter .elementor-counter-number-prefix{text-align:end;flex-grow:var(--counter-prefix-grow,1);white-space:pre-wrap}.elementor-counter .elementor-counter-number-suffix{text-align:start;flex-grow:var(--counter-suffix-grow,1);white-space:pre-wrap}.elementor-counter .elementor-counter-title{flex:1;display:flex;justify-content:center;align-items:center;margin:0;padding:0;font-size:19px;font-weight:400;line-height:2.5}<\/style>\t\t<div class=\"elementor-counter\">\n\t\t\t<div class=\"elementor-counter-title\">Proje<\/div>\t\t\t<div class=\"elementor-counter-number-wrapper\">\n\t\t\t\t<span class=\"elementor-counter-number-prefix\"><\/span>\n\t\t\t\t<span class=\"elementor-counter-number\" data-duration=\"2000\" data-to-value=\"220\" data-from-value=\"0\" data-delimiter=\",\">0<\/span>\n\t\t\t\t<span class=\"elementor-counter-number-suffix\">+<\/span>\n\t\t\t<\/div>\n\t\t<\/div>\n\t\t\t\t<\/div>\n\t\t\t\t<\/div>\n\t\t\t\t\t<\/div>\n\t\t<\/div>\n\t\t\t\t<div class=\"elementor-column elementor-col-33 elementor-inner-column elementor-element elementor-element-b82ceff\" data-id=\"b82ceff\" data-element_type=\"column\">\n\t\t\t<div class=\"elementor-widget-wrap elementor-element-populated\">\n\t\t\t\t\t\t<div class=\"elementor-element elementor-element-6059a075 elementor-widget elementor-widget-counter\" data-id=\"6059a075\" data-element_type=\"widget\" data-widget_type=\"counter.default\">\n\t\t\t\t<div class=\"elementor-widget-container\">\n\t\t\t\t\t<div class=\"elementor-counter\">\n\t\t\t<div class=\"elementor-counter-title\">M\u00fc\u015fteri<\/div>\t\t\t<div class=\"elementor-counter-number-wrapper\">\n\t\t\t\t<span class=\"elementor-counter-number-prefix\"><\/span>\n\t\t\t\t<span class=\"elementor-counter-number\" data-duration=\"2000\" data-to-value=\"2500\" data-from-value=\"0\" data-delimiter=\",\">0<\/span>\n\t\t\t\t<span class=\"elementor-counter-number-suffix\">+<\/span>\n\t\t\t<\/div>\n\t\t<\/div>\n\t\t\t\t<\/div>\n\t\t\t\t<\/div>\n\t\t\t\t\t<\/div>\n\t\t<\/div>\n\t\t\t\t<div class=\"elementor-column elementor-col-33 elementor-inner-column elementor-element elementor-element-3f86e93d\" data-id=\"3f86e93d\" data-element_type=\"column\">\n\t\t\t<div class=\"elementor-widget-wrap elementor-element-populated\">\n\t\t\t\t\t\t<div class=\"elementor-element elementor-element-25d242c0 elementor-widget elementor-widget-counter\" data-id=\"25d242c0\" data-element_type=\"widget\" data-widget_type=\"counter.default\">\n\t\t\t\t<div class=\"elementor-widget-container\">\n\t\t\t\t\t<div class=\"elementor-counter\">\n\t\t\t<div class=\"elementor-counter-title\">Mutlu M\u00fc\u015fteri<\/div>\t\t\t<div class=\"elementor-counter-number-wrapper\">\n\t\t\t\t<span class=\"elementor-counter-number-prefix\"><\/span>\n\t\t\t\t<span class=\"elementor-counter-number\" data-duration=\"2000\" data-to-value=\"5550\" data-from-value=\"0\">0<\/span>\n\t\t\t\t<span class=\"elementor-counter-number-suffix\">+<\/span>\n\t\t\t<\/div>\n\t\t<\/div>\n\t\t\t\t<\/div>\n\t\t\t\t<\/div>\n\t\t\t\t\t<\/div>\n\t\t<\/div>\n\t\t\t\t\t<\/div>\n\t\t<\/section>\n\t\t\t\t\t<\/div>\n\t\t<\/div>\n\t\t\t\t\t<\/div>\n\t\t<\/section>\n\t\t\t\t<\/div>\n\t\t","protected":false},"excerpt":{"rendered":"<p>Hakk\u0131m\u0131zda Hakk\u0131m\u0131zda Arsa, Plastik, \u0130n\u015faat\u2026 T\u00fcm \u00c7\u00f6z\u00fcmler Tek \u00c7at\u0131 Alt\u0131nda Kuru\u00e7ay Group, kurulu\u015fundan bu yana farkl\u0131 sekt\u00f6rlerdeki g\u00fc\u00e7l\u00fc varl\u0131\u011f\u0131 ve istikrarl\u0131 b\u00fcy\u00fcme politikas\u0131yla ad\u0131n\u0131 g\u00fcven ve kalite ile \u00f6zde\u015fle\u015ftirmi\u015ftir. Arsa geli\u015ftirme, plastik \u00fcretimi ve in\u015faat alanlar\u0131ndaki faaliyetlerimizle, hem \u00fclkemizin ekonomik kalk\u0131nmas\u0131na katk\u0131da bulunuyor hem de m\u00fc\u015fterilerimize de\u011fer katan projeler sunuyoruz. Arsa sekt\u00f6r\u00fcnde; yat\u0131r\u0131m potansiyeli y\u00fcksek, [&hellip;]<\/p>\n","protected":false},"author":1,"featured_media":0,"parent":0,"menu_order":0,"comment_status":"closed","ping_status":"closed","template":"elementor_header_footer","meta":{"om_disable_all_campaigns":false,"_monsterinsights_skip_tracking":false,"_monsterinsights_sitenote_active":false,"_monsterinsights_sitenote_note":"","_monsterinsights_sitenote_category":0,"footnotes":""},"class_list":["post-87","page","type-page","status-publish","hentry"],"aioseo_notices":[],"_links":{"self":[{"href":"https:\/\/kurucaygroup.com\/index.php?rest_route=\/wp\/v2\/pages\/87","targetHints":{"allow":["GET"]}}],"collection":[{"href":"https:\/\/kurucaygroup.com\/index.php?rest_route=\/wp\/v2\/pages"}],"about":[{"href":"https:\/\/kurucaygroup.com\/index.php?rest_route=\/wp\/v2\/types\/page"}],"author":[{"embeddable":true,"href":"https:\/\/kurucaygroup.com\/index.php?rest_route=\/wp\/v2\/users\/1"}],"replies":[{"embeddable":true,"href":"https:\/\/kurucaygroup.com\/index.php?rest_route=%2Fwp%2Fv2%2Fcomments&post=87"}],"version-history":[{"count":16,"href":"https:\/\/kurucaygroup.com\/index.php?rest_route=\/wp\/v2\/pages\/87\/revisions"}],"predecessor-version":[{"id":244,"href":"https:\/\/kurucaygroup.com\/index.php?rest_route=\/wp\/v2\/pages\/87\/revisions\/244"}],"wp:attachment":[{"href":"https:\/\/kurucaygroup.com\/index.php?rest_route=%2Fwp%2Fv2%2Fmedia&parent=87"}],"curies":[{"name":"wp","href":"https:\/\/api.w.org\/{rel}","templated":true}]}}