{"id":72,"date":"2024-06-03T01:34:49","date_gmt":"2024-06-02T22:34:49","guid":{"rendered":"https:\/\/kurucaygroup.com\/?page_id=72"},"modified":"2025-08-11T02:38:55","modified_gmt":"2025-08-10T23:38:55","slug":"ana-sayfa","status":"publish","type":"page","link":"https:\/\/kurucaygroup.com\/","title":{"rendered":"Ana Sayfa"},"content":{"rendered":"\t\t<div data-elementor-type=\"wp-page\" data-elementor-id=\"72\" class=\"elementor elementor-72\">\n\t\t\t\t\t\t<section class=\"elementor-section elementor-top-section elementor-element elementor-element-439ecc97 elementor-section-boxed elementor-section-height-default elementor-section-height-default\" data-id=\"439ecc97\" data-element_type=\"section\" data-settings=\"{&quot;background_background&quot;:&quot;classic&quot;}\">\n\t\t\t\t\t\t\t<div class=\"elementor-background-overlay\"><\/div>\n\t\t\t\t\t\t\t<div class=\"elementor-container elementor-column-gap-default\">\n\t\t\t\t\t<div class=\"elementor-column elementor-col-100 elementor-top-column elementor-element elementor-element-3b79457d\" data-id=\"3b79457d\" data-element_type=\"column\">\n\t\t\t<div class=\"elementor-widget-wrap elementor-element-populated\">\n\t\t\t\t\t\t<div class=\"elementor-element elementor-element-4ecae513 elementor-widget elementor-widget-heading\" data-id=\"4ecae513\" data-element_type=\"widget\" data-widget_type=\"heading.default\">\n\t\t\t\t<div class=\"elementor-widget-container\">\n\t\t\t<style>\/*! elementor - v3.21.0 - 26-05-2024 *\/\n.elementor-heading-title{padding:0;margin:0;line-height:1}.elementor-widget-heading .elementor-heading-title[class*=elementor-size-]>a{color:inherit;font-size:inherit;line-height:inherit}.elementor-widget-heading .elementor-heading-title.elementor-size-small{font-size:15px}.elementor-widget-heading .elementor-heading-title.elementor-size-medium{font-size:19px}.elementor-widget-heading .elementor-heading-title.elementor-size-large{font-size:29px}.elementor-widget-heading .elementor-heading-title.elementor-size-xl{font-size:39px}.elementor-widget-heading .elementor-heading-title.elementor-size-xxl{font-size:59px}<\/style><span class=\"elementor-heading-title elementor-size-default\">KURU\u00c7AY GROUP<\/span>\t\t<\/div>\n\t\t\t\t<\/div>\n\t\t\t\t<div class=\"elementor-element elementor-element-6dc1b8a9 elementor-widget elementor-widget-heading\" data-id=\"6dc1b8a9\" data-element_type=\"widget\" data-widget_type=\"heading.default\">\n\t\t\t\t<div class=\"elementor-widget-container\">\n\t\t\t<h2 class=\"elementor-heading-title elementor-size-default\">\"Yat\u0131r\u0131mdan \u00dcretime, G\u00fcc\u00fcm\u00fczle Yan\u0131n\u0131zday\u0131z.\"\n\n<\/h2>\t\t<\/div>\n\t\t\t\t<\/div>\n\t\t\t\t<div class=\"elementor-element elementor-element-383f3719 elementor-widget elementor-widget-text-editor\" data-id=\"383f3719\" data-element_type=\"widget\" data-widget_type=\"text-editor.default\">\n\t\t\t\t<div class=\"elementor-widget-container\">\n\t\t\t<style>\/*! elementor - v3.21.0 - 26-05-2024 *\/\n.elementor-widget-text-editor.elementor-drop-cap-view-stacked .elementor-drop-cap{background-color:#69727d;color:#fff}.elementor-widget-text-editor.elementor-drop-cap-view-framed .elementor-drop-cap{color:#69727d;border:3px solid;background-color:transparent}.elementor-widget-text-editor:not(.elementor-drop-cap-view-default) .elementor-drop-cap{margin-top:8px}.elementor-widget-text-editor:not(.elementor-drop-cap-view-default) .elementor-drop-cap-letter{width:1em;height:1em}.elementor-widget-text-editor .elementor-drop-cap{float:left;text-align:center;line-height:1;font-size:50px}.elementor-widget-text-editor .elementor-drop-cap-letter{display:inline-block}<\/style>\t\t\t\t<p>Kuru\u00e7ay Group olarak, arsa geli\u015ftirme, plastik \u00fcretimi ve in\u015faat alanlar\u0131ndaki uzmanl\u0131\u011f\u0131m\u0131z\u0131 tek \u00e7at\u0131 alt\u0131nda birle\u015ftiriyoruz. Her ad\u0131mda kaliteyi, g\u00fcveni ve s\u00fcrd\u00fcr\u00fclebilirli\u011fi esas alarak, yat\u0131r\u0131mc\u0131lar\u0131m\u0131zdan \u00fcretim ortaklar\u0131m\u0131za, projelerimizden m\u00fc\u015fterilerimize kadar herkes i\u00e7in de\u011fer \u00fcretiyoruz.<\/p>\t\t\t\t\t\t<\/div>\n\t\t\t\t<\/div>\n\t\t\t\t<div class=\"elementor-element elementor-element-1cc85c80 elementor-widget elementor-widget-button\" data-id=\"1cc85c80\" data-element_type=\"widget\" data-widget_type=\"button.default\">\n\t\t\t\t<div class=\"elementor-widget-container\">\n\t\t\t\t\t<div class=\"elementor-button-wrapper\">\n\t\t\t<a class=\"elementor-button elementor-button-link elementor-size-sm\" href=\"https:\/\/kurucaygroup.com\/iletisim\/\">\n\t\t\t\t\t\t<span class=\"elementor-button-content-wrapper\">\n\t\t\t\t\t\t\t\t\t<span class=\"elementor-button-text\">\u0130leti\u015fim<\/span>\n\t\t\t\t\t<\/span>\n\t\t\t\t\t<\/a>\n\t\t<\/div>\n\t\t\t\t<\/div>\n\t\t\t\t<\/div>\n\t\t\t\t\t<\/div>\n\t\t<\/div>\n\t\t\t\t\t<\/div>\n\t\t<\/section>\n\t\t\t\t<section class=\"elementor-section elementor-top-section elementor-element elementor-element-29bbe1f2 elementor-section-boxed elementor-section-height-default elementor-section-height-default\" data-id=\"29bbe1f2\" data-element_type=\"section\">\n\t\t\t\t\t\t<div class=\"elementor-container elementor-column-gap-default\">\n\t\t\t\t\t<div class=\"elementor-column elementor-col-50 elementor-top-column elementor-element elementor-element-6d31e891\" data-id=\"6d31e891\" data-element_type=\"column\">\n\t\t\t<div class=\"elementor-widget-wrap elementor-element-populated\">\n\t\t\t\t\t\t<div class=\"elementor-element elementor-element-6fa8d812 elementor-widget elementor-widget-heading\" data-id=\"6fa8d812\" data-element_type=\"widget\" data-widget_type=\"heading.default\">\n\t\t\t\t<div class=\"elementor-widget-container\">\n\t\t\t<span class=\"elementor-heading-title elementor-size-default\">Hakk\u0131m\u0131zda<\/span>\t\t<\/div>\n\t\t\t\t<\/div>\n\t\t\t\t<div class=\"elementor-element elementor-element-24b64c20 elementor-widget elementor-widget-heading\" data-id=\"24b64c20\" data-element_type=\"widget\" data-widget_type=\"heading.default\">\n\t\t\t\t<div class=\"elementor-widget-container\">\n\t\t\t<h2 class=\"elementor-heading-title elementor-size-default\">Arsa, Plastik, \u0130n\u015faat\u2026\nT\u00fcm \u00c7\u00f6z\u00fcmler Tek \u00c7at\u0131 Alt\u0131nda<\/h2>\t\t<\/div>\n\t\t\t\t<\/div>\n\t\t\t\t<div class=\"elementor-element elementor-element-3fe188c4 elementor-widget elementor-widget-text-editor\" data-id=\"3fe188c4\" data-element_type=\"widget\" data-widget_type=\"text-editor.default\">\n\t\t\t\t<div class=\"elementor-widget-container\">\n\t\t\t\t\t\t\t<p data-start=\"480\" data-end=\"817\">Kuru\u00e7ay Group, kurulu\u015fundan bu yana farkl\u0131 sekt\u00f6rlerdeki g\u00fc\u00e7l\u00fc varl\u0131\u011f\u0131 ve istikrarl\u0131 b\u00fcy\u00fcme politikas\u0131yla ad\u0131n\u0131 g\u00fcven ve kalite ile \u00f6zde\u015fle\u015ftirmi\u015ftir. Arsa geli\u015ftirme, plastik \u00fcretimi ve in\u015faat alanlar\u0131ndaki faaliyetlerimizle, hem \u00fclkemizin ekonomik kalk\u0131nmas\u0131na katk\u0131da bulunuyor hem de m\u00fc\u015fterilerimize de\u011fer katan projeler sunuyoruz.<\/p><p data-start=\"819\" data-end=\"1322\">Arsa sekt\u00f6r\u00fcnde; yat\u0131r\u0131m potansiyeli y\u00fcksek, lokasyon avantaj\u0131na sahip ve gelece\u011fe d\u00f6n\u00fck projeler geli\u015ftirerek yat\u0131r\u0131mc\u0131lar\u0131m\u0131z i\u00e7in s\u00fcrd\u00fcr\u00fclebilir f\u0131rsatlar yarat\u0131yoruz. Plastik alan\u0131nda; modern \u00fcretim teknolojilerini, kalite standartlar\u0131na ba\u011fl\u0131 \u00fcretim anlay\u0131\u015f\u0131yla birle\u015ftirerek geni\u015f bir \u00fcr\u00fcn yelpazesi sunuyoruz. \u0130n\u015faat sekt\u00f6r\u00fcnde ise, m\u00fchendislik tecr\u00fcbemiz ve estetik vizyonumuzla ya\u015fam alanlar\u0131n\u0131 yaln\u0131zca in\u015fa etmekle kalm\u0131yor, ayn\u0131 zamanda g\u00fcvenli, fonksiyonel ve estetik \u00e7\u00f6z\u00fcmler \u00fcretiyoruz.<\/p><p data-start=\"1324\" data-end=\"1699\">Kuru\u00e7ay Group olarak, m\u00fc\u015fterilerimizin memnuniyetini her zaman en \u00fcstte tutuyor, d\u00fcr\u00fcstl\u00fck, \u015feffafl\u0131k ve profesyonellik ilkelerimizden \u00f6d\u00fcn vermeden \u00e7al\u0131\u015f\u0131yoruz. G\u00fcc\u00fcm\u00fcz\u00fc, sa\u011flam i\u015f ortakl\u0131klar\u0131m\u0131zdan, alan\u0131nda uzman kadromuzdan ve inovatif bak\u0131\u015f a\u00e7\u0131m\u0131zdan al\u0131yoruz. Gelecekte de sekt\u00f6rel liderli\u011fimizi s\u00fcrd\u00fcr\u00fcrek, \u00fclkemize ve i\u015f d\u00fcnyas\u0131na katk\u0131da bulunmaya devam edece\u011fiz.<\/p>\t\t\t\t\t\t<\/div>\n\t\t\t\t<\/div>\n\t\t\t\t\t<\/div>\n\t\t<\/div>\n\t\t\t\t<div class=\"elementor-column elementor-col-50 elementor-top-column elementor-element elementor-element-8f0c534\" data-id=\"8f0c534\" data-element_type=\"column\" data-settings=\"{&quot;background_background&quot;:&quot;classic&quot;}\">\n\t\t\t<div class=\"elementor-widget-wrap elementor-element-populated\">\n\t\t\t\t\t\t<section class=\"elementor-section elementor-inner-section elementor-element elementor-element-ce50630 elementor-section-boxed elementor-section-height-default elementor-section-height-default\" data-id=\"ce50630\" data-element_type=\"section\">\n\t\t\t\t\t\t<div class=\"elementor-container elementor-column-gap-default\">\n\t\t\t\t\t<div class=\"elementor-column elementor-col-50 elementor-inner-column elementor-element elementor-element-b8b68bf\" data-id=\"b8b68bf\" data-element_type=\"column\" data-settings=\"{&quot;background_background&quot;:&quot;classic&quot;}\">\n\t\t\t<div class=\"elementor-widget-wrap elementor-element-populated\">\n\t\t\t\t\t\t<div class=\"elementor-element elementor-element-2fb362b elementor-widget elementor-widget-image\" data-id=\"2fb362b\" data-element_type=\"widget\" data-widget_type=\"image.default\">\n\t\t\t\t<div class=\"elementor-widget-container\">\n\t\t\t<style>\/*! elementor - v3.21.0 - 26-05-2024 *\/\n.elementor-widget-image{text-align:center}.elementor-widget-image a{display:inline-block}.elementor-widget-image a img[src$=\".svg\"]{width:48px}.elementor-widget-image img{vertical-align:middle;display:inline-block}<\/style>\t\t\t\t\t\t\t\t\t\t<img decoding=\"async\" src=\"https:\/\/kurucaygroup.com\/wp-content\/uploads\/elementor\/thumbs\/path566-qp364ve5ls4seag2aefdx48rqx3vvn8ntbaxaxd14w.png\" title=\"path566.png\" alt=\"path566.png\" loading=\"lazy\" \/>\t\t\t\t\t\t\t\t\t\t\t\t\t<\/div>\n\t\t\t\t<\/div>\n\t\t\t\t<div class=\"elementor-element elementor-element-cb8256b elementor-widget elementor-widget-heading\" data-id=\"cb8256b\" data-element_type=\"widget\" data-widget_type=\"heading.default\">\n\t\t\t\t<div class=\"elementor-widget-container\">\n\t\t\t<h5 class=\"elementor-heading-title elementor-size-default\">ARSA<\/h5>\t\t<\/div>\n\t\t\t\t<\/div>\n\t\t\t\t<div class=\"elementor-element elementor-element-12b181e elementor-widget elementor-widget-text-editor\" data-id=\"12b181e\" data-element_type=\"widget\" data-widget_type=\"text-editor.default\">\n\t\t\t\t<div class=\"elementor-widget-container\">\n\t\t\t\t\t\t\t<p>Kuru\u00e7ay Group, yat\u0131r\u0131m de\u011feri y\u00fcksek, stratejik lokasyonlarda yer alan arsa projeleri geli\u015ftirir. Profesyonel analiz, titiz planlama ve g\u00fcvenilir sat\u0131\u015f s\u00fcre\u00e7leri ile yat\u0131r\u0131mc\u0131lar\u0131na uzun vadeli kazan\u00e7 f\u0131rsatlar\u0131 sunar. Gelece\u011finizi g\u00fcvence alt\u0131na almak i\u00e7in do\u011fru adres Kuru\u00e7ay Group.<\/p>\t\t\t\t\t\t<\/div>\n\t\t\t\t<\/div>\n\t\t\t\t\t<\/div>\n\t\t<\/div>\n\t\t\t\t<div class=\"elementor-column elementor-col-50 elementor-inner-column elementor-element elementor-element-d2754a1\" data-id=\"d2754a1\" data-element_type=\"column\" data-settings=\"{&quot;background_background&quot;:&quot;classic&quot;}\">\n\t\t\t<div class=\"elementor-widget-wrap elementor-element-populated\">\n\t\t\t\t\t\t<div class=\"elementor-element elementor-element-16195fa elementor-widget elementor-widget-image\" data-id=\"16195fa\" data-element_type=\"widget\" data-widget_type=\"image.default\">\n\t\t\t\t<div class=\"elementor-widget-container\">\n\t\t\t\t\t\t\t\t\t\t\t\t\t<img decoding=\"async\" src=\"https:\/\/kurucaygroup.com\/wp-content\/uploads\/elementor\/thumbs\/g178-qp365f4rlavt63ne34yjvh9g80eldaf0w104dqjri8.png\" title=\"g178.png\" alt=\"g178.png\" loading=\"lazy\" \/>\t\t\t\t\t\t\t\t\t\t\t\t\t<\/div>\n\t\t\t\t<\/div>\n\t\t\t\t<div class=\"elementor-element elementor-element-0407bb8 elementor-widget elementor-widget-heading\" data-id=\"0407bb8\" data-element_type=\"widget\" data-widget_type=\"heading.default\">\n\t\t\t\t<div class=\"elementor-widget-container\">\n\t\t\t<h5 class=\"elementor-heading-title elementor-size-default\">PLAST\u0130K<\/h5>\t\t<\/div>\n\t\t\t\t<\/div>\n\t\t\t\t<div class=\"elementor-element elementor-element-5cae6a9 elementor-widget elementor-widget-text-editor\" data-id=\"5cae6a9\" data-element_type=\"widget\" data-widget_type=\"text-editor.default\">\n\t\t\t\t<div class=\"elementor-widget-container\">\n\t\t\t\t\t\t\t<p>Modern \u00fcretim tesislerimizde, uluslararas\u0131 kalite standartlar\u0131na uygun, dayan\u0131kl\u0131 ve \u00e7evre dostu plastik \u00fcr\u00fcnler \u00fcretiyoruz. Geni\u015f \u00fcr\u00fcn yelpazemiz, inovatif tasar\u0131mlar\u0131m\u0131z ve s\u00fcrd\u00fcr\u00fclebilir \u00fcretim anlay\u0131\u015f\u0131m\u0131zla sekt\u00f6r\u00fcn g\u00fcvenilir tedarik\u00e7isiyiz.<\/p>\t\t\t\t\t\t<\/div>\n\t\t\t\t<\/div>\n\t\t\t\t\t<\/div>\n\t\t<\/div>\n\t\t\t\t\t<\/div>\n\t\t<\/section>\n\t\t\t\t<section class=\"elementor-section elementor-inner-section elementor-element elementor-element-49296c2 elementor-section-boxed elementor-section-height-default elementor-section-height-default\" data-id=\"49296c2\" data-element_type=\"section\">\n\t\t\t\t\t\t<div class=\"elementor-container elementor-column-gap-default\">\n\t\t\t\t\t<div class=\"elementor-column elementor-col-100 elementor-inner-column elementor-element elementor-element-74656cc\" data-id=\"74656cc\" data-element_type=\"column\" data-settings=\"{&quot;background_background&quot;:&quot;classic&quot;}\">\n\t\t\t<div class=\"elementor-widget-wrap elementor-element-populated\">\n\t\t\t\t\t\t<div class=\"elementor-element elementor-element-4e6e14e elementor-widget elementor-widget-image\" data-id=\"4e6e14e\" data-element_type=\"widget\" data-widget_type=\"image.default\">\n\t\t\t\t<div class=\"elementor-widget-container\">\n\t\t\t\t\t\t\t\t\t\t\t\t\t<img decoding=\"async\" src=\"https:\/\/kurucaygroup.com\/wp-content\/uploads\/elementor\/thumbs\/g250-qp365g2ls4x3hpm0xnd6fz0wte9ykzir85nlv0idc0.png\" title=\"g250.png\" alt=\"g250.png\" loading=\"lazy\" \/>\t\t\t\t\t\t\t\t\t\t\t\t\t<\/div>\n\t\t\t\t<\/div>\n\t\t\t\t<div class=\"elementor-element elementor-element-907d415 elementor-widget elementor-widget-heading\" data-id=\"907d415\" data-element_type=\"widget\" data-widget_type=\"heading.default\">\n\t\t\t\t<div class=\"elementor-widget-container\">\n\t\t\t<h5 class=\"elementor-heading-title elementor-size-default\">\u0130N\u015eAAT<\/h5>\t\t<\/div>\n\t\t\t\t<\/div>\n\t\t\t\t<div class=\"elementor-element elementor-element-0ce99ba elementor-widget elementor-widget-text-editor\" data-id=\"0ce99ba\" data-element_type=\"widget\" data-widget_type=\"text-editor.default\">\n\t\t\t\t<div class=\"elementor-widget-container\">\n\t\t\t\t\t\t\t<p>Mimari estetik ve m\u00fchendislik g\u00fcc\u00fcn\u00fc birle\u015ftirerek, g\u00fcvenli, modern ve konforlu ya\u015fam alanlar\u0131 in\u015fa ediyoruz. Her projede kaliteyi, dayan\u0131kl\u0131l\u0131\u011f\u0131 ve m\u00fc\u015fteri memnuniyetini \u00f6n planda tutuyoruz.<\/p>\t\t\t\t\t\t<\/div>\n\t\t\t\t<\/div>\n\t\t\t\t\t<\/div>\n\t\t<\/div>\n\t\t\t\t\t<\/div>\n\t\t<\/section>\n\t\t\t\t\t<\/div>\n\t\t<\/div>\n\t\t\t\t\t<\/div>\n\t\t<\/section>\n\t\t\t\t<section class=\"elementor-section elementor-top-section elementor-element elementor-element-6b7604fd elementor-section-boxed elementor-section-height-default elementor-section-height-default\" data-id=\"6b7604fd\" data-element_type=\"section\">\n\t\t\t\t\t\t<div class=\"elementor-container elementor-column-gap-default\">\n\t\t\t\t\t<div class=\"elementor-column elementor-col-50 elementor-top-column elementor-element elementor-element-59b6c403\" data-id=\"59b6c403\" data-element_type=\"column\" data-settings=\"{&quot;background_background&quot;:&quot;classic&quot;}\">\n\t\t\t<div class=\"elementor-widget-wrap\">\n\t\t\t\t\t\t\t<\/div>\n\t\t<\/div>\n\t\t\t\t<div class=\"elementor-column elementor-col-50 elementor-top-column elementor-element elementor-element-313517ff\" data-id=\"313517ff\" data-element_type=\"column\">\n\t\t\t<div class=\"elementor-widget-wrap elementor-element-populated\">\n\t\t\t\t\t\t<div class=\"elementor-element elementor-element-71444efe elementor-widget elementor-widget-image\" data-id=\"71444efe\" data-element_type=\"widget\" data-widget_type=\"image.default\">\n\t\t\t\t<div class=\"elementor-widget-container\">\n\t\t\t\t\t\t\t\t\t\t\t\t\t<img decoding=\"async\" src=\"https:\/\/kurucaygroup.com\/wp-content\/uploads\/elementor\/thumbs\/kurucay-group-yan-logo-copy-scaled-ra2n3aoq5p42myz5vmg1z2576t0z8scxkzcpy689hc.png\" title=\"kurucay group yan logo copy\" alt=\"kurucay group yan logo copy\" loading=\"lazy\" \/>\t\t\t\t\t\t\t\t\t\t\t\t\t<\/div>\n\t\t\t\t<\/div>\n\t\t\t\t<div class=\"elementor-element elementor-element-7c311b1c elementor-widget elementor-widget-heading\" data-id=\"7c311b1c\" data-element_type=\"widget\" data-widget_type=\"heading.default\">\n\t\t\t\t<div class=\"elementor-widget-container\">\n\t\t\t<h2 class=\"elementor-heading-title elementor-size-default\">Plastik \u00dcretim ve Tedarik Hizmetleri<\/h2>\t\t<\/div>\n\t\t\t\t<\/div>\n\t\t\t\t<div class=\"elementor-element elementor-element-39a8baa4 elementor-widget elementor-widget-text-editor\" data-id=\"39a8baa4\" data-element_type=\"widget\" data-widget_type=\"text-editor.default\">\n\t\t\t\t<div class=\"elementor-widget-container\">\n\t\t\t\t\t\t\t<p data-start=\"1209\" data-end=\"1335\">Modern \u00fcretim tesislerimizde, uluslararas\u0131 kalite standartlar\u0131na uygun, dayan\u0131kl\u0131 ve \u00e7evre dostu plastik \u00fcr\u00fcnler \u00fcretiyoruz.<\/p><ul data-start=\"1336\" data-end=\"1637\"><li data-start=\"1336\" data-end=\"1441\"><p data-start=\"1338\" data-end=\"1441\"><strong data-start=\"1338\" data-end=\"1363\">Geni\u015f \u00dcr\u00fcn Yelpazesi:<\/strong> Sekt\u00f6re \u00f6zel \u00e7\u00f6z\u00fcmler ve farkl\u0131 kullan\u0131m alanlar\u0131na uygun \u00fcr\u00fcn \u00e7e\u015fitlili\u011fi.<\/p><\/li><li data-start=\"1442\" data-end=\"1544\"><p data-start=\"1444\" data-end=\"1544\"><strong data-start=\"1444\" data-end=\"1471\">Kalite ve Dayan\u0131kl\u0131l\u0131k:<\/strong> \u00dcr\u00fcnlerimiz uzun \u00f6m\u00fcrl\u00fc kullan\u0131m ve y\u00fcksek performans garantisi sunar.<\/p><\/li><li data-start=\"1545\" data-end=\"1637\"><p data-start=\"1547\" data-end=\"1637\"><strong data-start=\"1547\" data-end=\"1570\">\u00c7evre Dostu \u00dcretim:<\/strong> S\u00fcrd\u00fcr\u00fclebilir malzemeler ve geri d\u00f6n\u00fc\u015f\u00fcm dostu \u00fcretim anlay\u0131\u015f\u0131.<\/p><\/li><\/ul><p data-start=\"1639\" data-end=\"1745\"><strong data-start=\"1639\" data-end=\"1655\">Avantaj\u0131n\u0131z:<\/strong> \u0130htiyac\u0131n\u0131za \u00f6zel, kaliteli ve zaman\u0131nda teslim edilen \u00fcr\u00fcnlerle rekabet g\u00fcc\u00fcn\u00fcz artar.<\/p>\t\t\t\t\t\t<\/div>\n\t\t\t\t<\/div>\n\t\t\t\t<div class=\"elementor-element elementor-element-6174552c elementor-widget elementor-widget-button\" data-id=\"6174552c\" data-element_type=\"widget\" data-widget_type=\"button.default\">\n\t\t\t\t<div class=\"elementor-widget-container\">\n\t\t\t\t\t<div class=\"elementor-button-wrapper\">\n\t\t\t<a class=\"elementor-button elementor-button-link elementor-size-sm\" href=\"https:\/\/terraplastik.com\">\n\t\t\t\t\t\t<span class=\"elementor-button-content-wrapper\">\n\t\t\t\t\t\t\t\t\t<span class=\"elementor-button-text\">TERRA PLAST\u0130K<\/span>\n\t\t\t\t\t<\/span>\n\t\t\t\t\t<\/a>\n\t\t<\/div>\n\t\t\t\t<\/div>\n\t\t\t\t<\/div>\n\t\t\t\t\t<\/div>\n\t\t<\/div>\n\t\t\t\t\t<\/div>\n\t\t<\/section>\n\t\t\t\t<section class=\"elementor-section elementor-top-section elementor-element elementor-element-78ce91ac elementor-section-boxed elementor-section-height-default elementor-section-height-default\" data-id=\"78ce91ac\" data-element_type=\"section\">\n\t\t\t\t\t\t<div class=\"elementor-container elementor-column-gap-default\">\n\t\t\t\t\t<div class=\"elementor-column elementor-col-50 elementor-top-column elementor-element elementor-element-276448e0\" data-id=\"276448e0\" data-element_type=\"column\">\n\t\t\t<div class=\"elementor-widget-wrap elementor-element-populated\">\n\t\t\t\t\t\t<div class=\"elementor-element elementor-element-4868707f elementor-widget elementor-widget-image\" data-id=\"4868707f\" data-element_type=\"widget\" data-widget_type=\"image.default\">\n\t\t\t\t<div class=\"elementor-widget-container\">\n\t\t\t\t\t\t\t\t\t\t\t\t\t<img decoding=\"async\" src=\"https:\/\/kurucaygroup.com\/wp-content\/uploads\/elementor\/thumbs\/kurucay-group-yan-logo-copy-scaled-ra2n3aoq5p43nsudlfdoeexp7hy6t2yhpnmm1tk0e8.png\" title=\"kurucay group yan logo copy\" alt=\"kurucay group yan logo copy\" loading=\"lazy\" \/>\t\t\t\t\t\t\t\t\t\t\t\t\t<\/div>\n\t\t\t\t<\/div>\n\t\t\t\t<div class=\"elementor-element elementor-element-6483e36f elementor-widget elementor-widget-heading\" data-id=\"6483e36f\" data-element_type=\"widget\" data-widget_type=\"heading.default\">\n\t\t\t\t<div class=\"elementor-widget-container\">\n\t\t\t<h2 class=\"elementor-heading-title elementor-size-default\"> \u0130n\u015faat ve Proje Y\u00f6netimi<\/h2>\t\t<\/div>\n\t\t\t\t<\/div>\n\t\t\t\t<div class=\"elementor-element elementor-element-6fa7727f elementor-widget elementor-widget-text-editor\" data-id=\"6fa7727f\" data-element_type=\"widget\" data-widget_type=\"text-editor.default\">\n\t\t\t\t<div class=\"elementor-widget-container\">\n\t\t\t\t\t\t\t<p data-start=\"1789\" data-end=\"1904\">Mimari estetik ile m\u00fchendislik g\u00fcc\u00fcn\u00fc birle\u015ftirerek, modern, g\u00fcvenli ve fonksiyonel ya\u015fam alanlar\u0131 in\u015fa ediyoruz.<\/p><ul data-start=\"1905\" data-end=\"2175\"><li data-start=\"1905\" data-end=\"1998\"><p data-start=\"1907\" data-end=\"1998\"><strong data-start=\"1907\" data-end=\"1927\">Konut Projeleri:<\/strong> Estetik tasar\u0131m, g\u00fcvenlik ve konforu bir arada sunan ya\u015fam alanlar\u0131.<\/p><\/li><li data-start=\"1999\" data-end=\"2077\"><p data-start=\"2001\" data-end=\"2077\"><strong data-start=\"2001\" data-end=\"2021\">Ticari Projeler:<\/strong> \u0130\u015f d\u00fcnyas\u0131na uygun, prestijli ve fonksiyonel yap\u0131lar.<\/p><\/li><li data-start=\"2078\" data-end=\"2175\"><p data-start=\"2080\" data-end=\"2175\"><strong data-start=\"2080\" data-end=\"2108\">Anahtar Teslim \u00c7\u00f6z\u00fcmler:<\/strong> Proje planlamas\u0131ndan teslimata kadar t\u00fcm s\u00fcreci biz y\u00f6netiyoruz.<\/p><\/li><\/ul><p data-start=\"2177\" data-end=\"2316\"><strong data-start=\"2177\" data-end=\"2193\">Avantaj\u0131n\u0131z:<\/strong> Zaman\u0131nda, b\u00fct\u00e7eye uygun ve y\u00fcksek standartlarda tamamlanan projelerle hayalinizdeki ya\u015fam veya i\u015f alan\u0131na kavu\u015fursunuz.<\/p>\t\t\t\t\t\t<\/div>\n\t\t\t\t<\/div>\n\t\t\t\t\t<\/div>\n\t\t<\/div>\n\t\t\t\t<div class=\"elementor-column elementor-col-50 elementor-top-column elementor-element elementor-element-3426495e\" data-id=\"3426495e\" data-element_type=\"column\" data-settings=\"{&quot;background_background&quot;:&quot;classic&quot;}\">\n\t\t\t<div class=\"elementor-widget-wrap\">\n\t\t\t\t\t\t\t<\/div>\n\t\t<\/div>\n\t\t\t\t\t<\/div>\n\t\t<\/section>\n\t\t\t\t<\/div>\n\t\t","protected":false},"excerpt":{"rendered":"<p>KURU\u00c7AY GROUP &#8220;Yat\u0131r\u0131mdan \u00dcretime, G\u00fcc\u00fcm\u00fczle Yan\u0131n\u0131zday\u0131z.&#8221; Kuru\u00e7ay Group olarak, arsa geli\u015ftirme, plastik \u00fcretimi ve in\u015faat alanlar\u0131ndaki uzmanl\u0131\u011f\u0131m\u0131z\u0131 tek \u00e7at\u0131 alt\u0131nda birle\u015ftiriyoruz. Her ad\u0131mda kaliteyi, g\u00fcveni ve s\u00fcrd\u00fcr\u00fclebilirli\u011fi esas alarak, yat\u0131r\u0131mc\u0131lar\u0131m\u0131zdan \u00fcretim ortaklar\u0131m\u0131za, projelerimizden m\u00fc\u015fterilerimize kadar herkes i\u00e7in de\u011fer \u00fcretiyoruz. \u0130leti\u015fim Hakk\u0131m\u0131zda Arsa, Plastik, \u0130n\u015faat\u2026 T\u00fcm \u00c7\u00f6z\u00fcmler Tek \u00c7at\u0131 Alt\u0131nda Kuru\u00e7ay Group, kurulu\u015fundan bu yana farkl\u0131 [&hellip;]<\/p>\n","protected":false},"author":1,"featured_media":0,"parent":0,"menu_order":0,"comment_status":"closed","ping_status":"closed","template":"elementor_header_footer","meta":{"om_disable_all_campaigns":false,"_monsterinsights_skip_tracking":false,"_monsterinsights_sitenote_active":false,"_monsterinsights_sitenote_note":"","_monsterinsights_sitenote_category":0,"footnotes":""},"class_list":["post-72","page","type-page","status-publish","hentry"],"aioseo_notices":[],"_links":{"self":[{"href":"https:\/\/kurucaygroup.com\/index.php?rest_route=\/wp\/v2\/pages\/72","targetHints":{"allow":["GET"]}}],"collection":[{"href":"https:\/\/kurucaygroup.com\/index.php?rest_route=\/wp\/v2\/pages"}],"about":[{"href":"https:\/\/kurucaygroup.com\/index.php?rest_route=\/wp\/v2\/types\/page"}],"author":[{"embeddable":true,"href":"https:\/\/kurucaygroup.com\/index.php?rest_route=\/wp\/v2\/users\/1"}],"replies":[{"embeddable":true,"href":"https:\/\/kurucaygroup.com\/index.php?rest_route=%2Fwp%2Fv2%2Fcomments&post=72"}],"version-history":[{"count":19,"href":"https:\/\/kurucaygroup.com\/index.php?rest_route=\/wp\/v2\/pages\/72\/revisions"}],"predecessor-version":[{"id":272,"href":"https:\/\/kurucaygroup.com\/index.php?rest_route=\/wp\/v2\/pages\/72\/revisions\/272"}],"wp:attachment":[{"href":"https:\/\/kurucaygroup.com\/index.php?rest_route=%2Fwp%2Fv2%2Fmedia&parent=72"}],"curies":[{"name":"wp","href":"https:\/\/api.w.org\/{rel}","templated":true}]}}