{"id":131,"date":"2024-06-03T01:51:55","date_gmt":"2024-06-02T22:51:55","guid":{"rendered":"https:\/\/kurucaygroup.com\/?page_id=131"},"modified":"2025-08-11T02:03:50","modified_gmt":"2025-08-10T23:03:50","slug":"hizmetlerimiz","status":"publish","type":"page","link":"https:\/\/kurucaygroup.com\/?page_id=131","title":{"rendered":"Hizmetlerimiz"},"content":{"rendered":"\t\t<div data-elementor-type=\"wp-page\" data-elementor-id=\"131\" class=\"elementor elementor-131\">\n\t\t\t\t\t\t<section class=\"elementor-section elementor-top-section elementor-element elementor-element-491dbf71 elementor-section-boxed elementor-section-height-default elementor-section-height-default\" data-id=\"491dbf71\" data-element_type=\"section\" data-settings=\"{&quot;background_background&quot;:&quot;classic&quot;}\">\n\t\t\t\t\t\t\t<div class=\"elementor-background-overlay\"><\/div>\n\t\t\t\t\t\t\t<div class=\"elementor-container elementor-column-gap-default\">\n\t\t\t\t\t<div class=\"elementor-column elementor-col-100 elementor-top-column elementor-element elementor-element-6628d31f\" data-id=\"6628d31f\" data-element_type=\"column\">\n\t\t\t<div class=\"elementor-widget-wrap elementor-element-populated\">\n\t\t\t\t\t\t<div class=\"elementor-element elementor-element-6ac33ca9 elementor-widget elementor-widget-heading\" data-id=\"6ac33ca9\" data-element_type=\"widget\" data-widget_type=\"heading.default\">\n\t\t\t\t<div class=\"elementor-widget-container\">\n\t\t\t<style>\/*! elementor - v3.21.0 - 26-05-2024 *\/\n.elementor-heading-title{padding:0;margin:0;line-height:1}.elementor-widget-heading .elementor-heading-title[class*=elementor-size-]>a{color:inherit;font-size:inherit;line-height:inherit}.elementor-widget-heading .elementor-heading-title.elementor-size-small{font-size:15px}.elementor-widget-heading .elementor-heading-title.elementor-size-medium{font-size:19px}.elementor-widget-heading .elementor-heading-title.elementor-size-large{font-size:29px}.elementor-widget-heading .elementor-heading-title.elementor-size-xl{font-size:39px}.elementor-widget-heading .elementor-heading-title.elementor-size-xxl{font-size:59px}<\/style><h2 class=\"elementor-heading-title elementor-size-default\">Hizmetlerimiz<\/h2>\t\t<\/div>\n\t\t\t\t<\/div>\n\t\t\t\t\t<\/div>\n\t\t<\/div>\n\t\t\t\t\t<\/div>\n\t\t<\/section>\n\t\t\t\t<section class=\"elementor-section elementor-top-section elementor-element elementor-element-5251ef0a elementor-section-boxed elementor-section-height-default elementor-section-height-default\" data-id=\"5251ef0a\" data-element_type=\"section\">\n\t\t\t\t\t\t<div class=\"elementor-container elementor-column-gap-default\">\n\t\t\t\t\t<div class=\"elementor-column elementor-col-50 elementor-top-column elementor-element elementor-element-cc3aa70\" data-id=\"cc3aa70\" data-element_type=\"column\">\n\t\t\t<div class=\"elementor-widget-wrap elementor-element-populated\">\n\t\t\t\t\t\t<div class=\"elementor-element elementor-element-21f61ef elementor-widget elementor-widget-image\" data-id=\"21f61ef\" data-element_type=\"widget\" data-widget_type=\"image.default\">\n\t\t\t\t<div class=\"elementor-widget-container\">\n\t\t\t<style>\/*! elementor - v3.21.0 - 26-05-2024 *\/\n.elementor-widget-image{text-align:center}.elementor-widget-image a{display:inline-block}.elementor-widget-image a img[src$=\".svg\"]{width:48px}.elementor-widget-image img{vertical-align:middle;display:inline-block}<\/style>\t\t\t\t\t\t\t\t\t\t<img fetchpriority=\"high\" decoding=\"async\" width=\"800\" height=\"689\" src=\"https:\/\/kurucaygroup.com\/wp-content\/uploads\/2025\/08\/kurucay-group-dik-logo-1024x882.png\" class=\"attachment-large size-large wp-image-231\" alt=\"\" srcset=\"https:\/\/kurucaygroup.com\/wp-content\/uploads\/2025\/08\/kurucay-group-dik-logo-1024x882.png 1024w, https:\/\/kurucaygroup.com\/wp-content\/uploads\/2025\/08\/kurucay-group-dik-logo-300x258.png 300w, https:\/\/kurucaygroup.com\/wp-content\/uploads\/2025\/08\/kurucay-group-dik-logo-768x661.png 768w, https:\/\/kurucaygroup.com\/wp-content\/uploads\/2025\/08\/kurucay-group-dik-logo-1536x1323.png 1536w, https:\/\/kurucaygroup.com\/wp-content\/uploads\/2025\/08\/kurucay-group-dik-logo-2048x1764.png 2048w\" sizes=\"(max-width: 800px) 100vw, 800px\" \/>\t\t\t\t\t\t\t\t\t\t\t\t\t<\/div>\n\t\t\t\t<\/div>\n\t\t\t\t\t<\/div>\n\t\t<\/div>\n\t\t\t\t<div class=\"elementor-column elementor-col-50 elementor-top-column elementor-element elementor-element-5587f348\" data-id=\"5587f348\" data-element_type=\"column\">\n\t\t\t<div class=\"elementor-widget-wrap elementor-element-populated\">\n\t\t\t\t\t\t<div class=\"elementor-element elementor-element-1f51ca48 elementor-widget elementor-widget-heading\" data-id=\"1f51ca48\" data-element_type=\"widget\" data-widget_type=\"heading.default\">\n\t\t\t\t<div class=\"elementor-widget-container\">\n\t\t\t<h2 class=\"elementor-heading-title elementor-size-default\">Uzmanl\u0131\u011f\u0131m\u0131zla Gelece\u011fe Y\u00f6n Veriyoruz<\/h2>\t\t<\/div>\n\t\t\t\t<\/div>\n\t\t\t\t<div class=\"elementor-element elementor-element-b13a655 elementor-widget elementor-widget-text-editor\" data-id=\"b13a655\" data-element_type=\"widget\" data-widget_type=\"text-editor.default\">\n\t\t\t\t<div class=\"elementor-widget-container\">\n\t\t\t<style>\/*! elementor - v3.21.0 - 26-05-2024 *\/\n.elementor-widget-text-editor.elementor-drop-cap-view-stacked .elementor-drop-cap{background-color:#69727d;color:#fff}.elementor-widget-text-editor.elementor-drop-cap-view-framed .elementor-drop-cap{color:#69727d;border:3px solid;background-color:transparent}.elementor-widget-text-editor:not(.elementor-drop-cap-view-default) .elementor-drop-cap{margin-top:8px}.elementor-widget-text-editor:not(.elementor-drop-cap-view-default) .elementor-drop-cap-letter{width:1em;height:1em}.elementor-widget-text-editor .elementor-drop-cap{float:left;text-align:center;line-height:1;font-size:50px}.elementor-widget-text-editor .elementor-drop-cap-letter{display:inline-block}<\/style>\t\t\t\t<p data-start=\"263\" data-end=\"511\">Kuru\u00e7ay Group olarak, \u00fc\u00e7 farkl\u0131 sekt\u00f6rdeki uzmanl\u0131\u011f\u0131m\u0131z\u0131 tek \u00e7at\u0131 alt\u0131nda topluyor ve m\u00fc\u015fterilerimize yat\u0131r\u0131m, \u00fcretim ve in\u015faat alan\u0131nda g\u00fcvenilir \u00e7\u00f6z\u00fcmler sunuyoruz. Amac\u0131m\u0131z, her projede kaliteyi ve m\u00fc\u015fteri memnuniyetini en \u00fcst seviyede tutmak.\u00a0<\/p><p data-start=\"2323\" data-end=\"2352\"><strong>Neden Kuru\u00e7ay Group?<\/strong><\/p><ul data-start=\"2353\" data-end=\"2603\"><li data-start=\"2353\" data-end=\"2438\"><p data-start=\"2355\" data-end=\"2438\"><strong data-start=\"2355\" data-end=\"2380\">\u00c7ok Sekt\u00f6rl\u00fc Deneyim:<\/strong> Yat\u0131r\u0131m, \u00fcretim ve in\u015faat alanlar\u0131nda entegre \u00e7\u00f6z\u00fcmler.<\/p><\/li><li data-start=\"2439\" data-end=\"2528\"><p data-start=\"2441\" data-end=\"2528\"><strong data-start=\"2441\" data-end=\"2468\">G\u00fcvenilir \u0130\u015f S\u00fcre\u00e7leri:<\/strong> \u015eeffaf, yasalara uygun ve m\u00fc\u015fteri odakl\u0131 hizmet anlay\u0131\u015f\u0131.<\/p><\/li><li data-start=\"2529\" data-end=\"2603\"><p data-start=\"2531\" data-end=\"2603\"><strong data-start=\"2531\" data-end=\"2552\">Kalite Garantisi:<\/strong> Her a\u015famada titiz kontrol ve y\u00fcksek standartlar.<\/p><\/li><\/ul><p data-start=\"2605\" data-end=\"2698\">Kuru\u00e7ay Group, gelece\u011fe de\u011fer katan projeler \u00fcretir ve her ad\u0131mda m\u00fc\u015fterilerine kazand\u0131r\u0131r.<\/p>\t\t\t\t\t\t<\/div>\n\t\t\t\t<\/div>\n\t\t\t\t\t<\/div>\n\t\t<\/div>\n\t\t\t\t\t<\/div>\n\t\t<\/section>\n\t\t\t\t<section class=\"elementor-section elementor-top-section elementor-element elementor-element-befc16e elementor-section-boxed elementor-section-height-default elementor-section-height-default\" data-id=\"befc16e\" data-element_type=\"section\">\n\t\t\t\t\t\t<div class=\"elementor-container elementor-column-gap-default\">\n\t\t\t\t\t<div class=\"elementor-column elementor-col-33 elementor-top-column elementor-element elementor-element-788e5ff\" data-id=\"788e5ff\" data-element_type=\"column\" data-settings=\"{&quot;background_background&quot;:&quot;classic&quot;}\">\n\t\t\t<div class=\"elementor-widget-wrap elementor-element-populated\">\n\t\t\t\t\t\t<div class=\"elementor-element elementor-element-ccce701 elementor-widget elementor-widget-image\" data-id=\"ccce701\" data-element_type=\"widget\" data-widget_type=\"image.default\">\n\t\t\t\t<div class=\"elementor-widget-container\">\n\t\t\t\t\t\t\t\t\t\t\t\t\t<img decoding=\"async\" src=\"https:\/\/kurucaygroup.com\/wp-content\/uploads\/elementor\/thumbs\/path566-qp364ve5ls4seag2aefdx48rqx3vvn8ntbaxaxd14w.png\" title=\"path566.png\" alt=\"path566.png\" loading=\"lazy\" \/>\t\t\t\t\t\t\t\t\t\t\t\t\t<\/div>\n\t\t\t\t<\/div>\n\t\t\t\t<div class=\"elementor-element elementor-element-ac47543 elementor-widget elementor-widget-heading\" data-id=\"ac47543\" data-element_type=\"widget\" data-widget_type=\"heading.default\">\n\t\t\t\t<div class=\"elementor-widget-container\">\n\t\t\t<h5 class=\"elementor-heading-title elementor-size-default\"> Arsa Geli\u015ftirme ve Yat\u0131r\u0131m Hizmetleri<\/h5>\t\t<\/div>\n\t\t\t\t<\/div>\n\t\t\t\t<div class=\"elementor-element elementor-element-aedf579 elementor-widget elementor-widget-text-editor\" data-id=\"aedf579\" data-element_type=\"widget\" data-widget_type=\"text-editor.default\">\n\t\t\t\t<div class=\"elementor-widget-container\">\n\t\t\t\t\t\t\t<p data-start=\"568\" data-end=\"707\">Yat\u0131r\u0131m de\u011feri y\u00fcksek, stratejik lokasyonlarda bulunan arsa projelerimizle m\u00fc\u015fterilerimize g\u00fcvenli ve k\u00e2rl\u0131 yat\u0131r\u0131m f\u0131rsatlar\u0131 sunuyoruz.<\/p><ul data-start=\"708\" data-end=\"1051\"><li data-start=\"708\" data-end=\"832\"><p data-start=\"710\" data-end=\"832\"><strong data-start=\"710\" data-end=\"740\">Stratejik Lokasyon Se\u00e7imi:<\/strong> B\u00f6lgesel analizler ve de\u011ferleme \u00e7al\u0131\u015fmalar\u0131 ile en do\u011fru yat\u0131r\u0131m alanlar\u0131n\u0131 belirliyoruz.<\/p><\/li><li data-start=\"833\" data-end=\"954\"><p data-start=\"835\" data-end=\"954\"><strong data-start=\"835\" data-end=\"856\">Proje Geli\u015ftirme:<\/strong> Arsa \u00fczerinde yap\u0131labilecek projeler i\u00e7in fizibilite \u00e7al\u0131\u015fmalar\u0131 ve planlama hizmeti veriyoruz.<\/p><\/li><li data-start=\"955\" data-end=\"1051\"><p data-start=\"957\" data-end=\"1051\"><strong data-start=\"957\" data-end=\"987\">G\u00fcvenilir Sat\u0131\u015f S\u00fcre\u00e7leri:<\/strong> T\u00fcm tapu, imar ve yasal s\u00fcre\u00e7leri \u015feffaf \u015fekilde y\u00f6netiyoruz.<\/p><\/li><\/ul><p data-start=\"1053\" data-end=\"1153\"><strong data-start=\"1053\" data-end=\"1069\">Avantaj\u0131n\u0131z:<\/strong> Yat\u0131r\u0131m\u0131n\u0131z, de\u011ferini y\u0131llar i\u00e7inde art\u0131racak g\u00fcvenli bir portf\u00f6y\u00fcn par\u00e7as\u0131 olur.<\/p>\t\t\t\t\t\t<\/div>\n\t\t\t\t<\/div>\n\t\t\t\t\t<\/div>\n\t\t<\/div>\n\t\t\t\t<div class=\"elementor-column elementor-col-33 elementor-top-column elementor-element elementor-element-7605b8e\" data-id=\"7605b8e\" data-element_type=\"column\" data-settings=\"{&quot;background_background&quot;:&quot;classic&quot;}\">\n\t\t\t<div class=\"elementor-widget-wrap elementor-element-populated\">\n\t\t\t\t\t\t<div class=\"elementor-element elementor-element-84360cb elementor-widget elementor-widget-image\" data-id=\"84360cb\" data-element_type=\"widget\" data-widget_type=\"image.default\">\n\t\t\t\t<div class=\"elementor-widget-container\">\n\t\t\t\t\t\t\t\t\t\t\t\t\t<img decoding=\"async\" src=\"https:\/\/kurucaygroup.com\/wp-content\/uploads\/elementor\/thumbs\/g178-qp365f4rlavt63ne34yjvh9g80eldaf0w104dqjri8.png\" title=\"g178.png\" alt=\"g178.png\" loading=\"lazy\" \/>\t\t\t\t\t\t\t\t\t\t\t\t\t<\/div>\n\t\t\t\t<\/div>\n\t\t\t\t<div class=\"elementor-element elementor-element-43d1e36 elementor-widget elementor-widget-heading\" data-id=\"43d1e36\" data-element_type=\"widget\" data-widget_type=\"heading.default\">\n\t\t\t\t<div class=\"elementor-widget-container\">\n\t\t\t<h5 class=\"elementor-heading-title elementor-size-default\">Plastik \u00dcretim ve Tedarik Hizmetleri<\/h5>\t\t<\/div>\n\t\t\t\t<\/div>\n\t\t\t\t<div class=\"elementor-element elementor-element-13091fa elementor-widget elementor-widget-text-editor\" data-id=\"13091fa\" data-element_type=\"widget\" data-widget_type=\"text-editor.default\">\n\t\t\t\t<div class=\"elementor-widget-container\">\n\t\t\t\t\t\t\t<p data-start=\"1209\" data-end=\"1335\">Modern \u00fcretim tesislerimizde, uluslararas\u0131 kalite standartlar\u0131na uygun, dayan\u0131kl\u0131 ve \u00e7evre dostu plastik \u00fcr\u00fcnler \u00fcretiyoruz.<\/p><ul data-start=\"1336\" data-end=\"1637\"><li data-start=\"1336\" data-end=\"1441\"><p data-start=\"1338\" data-end=\"1441\"><strong data-start=\"1338\" data-end=\"1363\">Geni\u015f \u00dcr\u00fcn Yelpazesi:<\/strong> Sekt\u00f6re \u00f6zel \u00e7\u00f6z\u00fcmler ve farkl\u0131 kullan\u0131m alanlar\u0131na uygun \u00fcr\u00fcn \u00e7e\u015fitlili\u011fi.<\/p><\/li><li data-start=\"1442\" data-end=\"1544\"><p data-start=\"1444\" data-end=\"1544\"><strong data-start=\"1444\" data-end=\"1471\">Kalite ve Dayan\u0131kl\u0131l\u0131k:<\/strong> \u00dcr\u00fcnlerimiz uzun \u00f6m\u00fcrl\u00fc kullan\u0131m ve y\u00fcksek performans garantisi sunar.<\/p><\/li><li data-start=\"1545\" data-end=\"1637\"><p data-start=\"1547\" data-end=\"1637\"><strong data-start=\"1547\" data-end=\"1570\">\u00c7evre Dostu \u00dcretim:<\/strong> S\u00fcrd\u00fcr\u00fclebilir malzemeler ve geri d\u00f6n\u00fc\u015f\u00fcm dostu \u00fcretim anlay\u0131\u015f\u0131.<\/p><\/li><\/ul><p data-start=\"1639\" data-end=\"1745\"><strong data-start=\"1639\" data-end=\"1655\">Avantaj\u0131n\u0131z:<\/strong> \u0130htiyac\u0131n\u0131za \u00f6zel, kaliteli ve zaman\u0131nda teslim edilen \u00fcr\u00fcnlerle rekabet g\u00fcc\u00fcn\u00fcz artar.<\/p>\t\t\t\t\t\t<\/div>\n\t\t\t\t<\/div>\n\t\t\t\t\t<\/div>\n\t\t<\/div>\n\t\t\t\t<div class=\"elementor-column elementor-col-33 elementor-top-column elementor-element elementor-element-60afa26\" data-id=\"60afa26\" data-element_type=\"column\" data-settings=\"{&quot;background_background&quot;:&quot;classic&quot;}\">\n\t\t\t<div class=\"elementor-widget-wrap elementor-element-populated\">\n\t\t\t\t\t\t<div class=\"elementor-element elementor-element-b697d58 elementor-widget elementor-widget-image\" data-id=\"b697d58\" data-element_type=\"widget\" data-widget_type=\"image.default\">\n\t\t\t\t<div class=\"elementor-widget-container\">\n\t\t\t\t\t\t\t\t\t\t\t\t\t<img decoding=\"async\" src=\"https:\/\/kurucaygroup.com\/wp-content\/uploads\/elementor\/thumbs\/g250-qp365g2ls4x3hpm0xnd6fz0wte9ykzir85nlv0idc0.png\" title=\"g250.png\" alt=\"g250.png\" loading=\"lazy\" \/>\t\t\t\t\t\t\t\t\t\t\t\t\t<\/div>\n\t\t\t\t<\/div>\n\t\t\t\t<div class=\"elementor-element elementor-element-22c4b7e elementor-widget elementor-widget-heading\" data-id=\"22c4b7e\" data-element_type=\"widget\" data-widget_type=\"heading.default\">\n\t\t\t\t<div class=\"elementor-widget-container\">\n\t\t\t<h5 class=\"elementor-heading-title elementor-size-default\">\u0130n\u015faat ve Proje Y\u00f6netimi<\/h5>\t\t<\/div>\n\t\t\t\t<\/div>\n\t\t\t\t<div class=\"elementor-element elementor-element-c13fd4a elementor-widget elementor-widget-text-editor\" data-id=\"c13fd4a\" data-element_type=\"widget\" data-widget_type=\"text-editor.default\">\n\t\t\t\t<div class=\"elementor-widget-container\">\n\t\t\t\t\t\t\t<p data-start=\"1789\" data-end=\"1904\">Mimari estetik ile m\u00fchendislik g\u00fcc\u00fcn\u00fc birle\u015ftirerek, modern, g\u00fcvenli ve fonksiyonel ya\u015fam alanlar\u0131 in\u015fa ediyoruz.<\/p><ul data-start=\"1905\" data-end=\"2175\"><li data-start=\"1905\" data-end=\"1998\"><p data-start=\"1907\" data-end=\"1998\"><strong data-start=\"1907\" data-end=\"1927\">Konut Projeleri:<\/strong> Estetik tasar\u0131m, g\u00fcvenlik ve konforu bir arada sunan ya\u015fam alanlar\u0131.<\/p><\/li><li data-start=\"1999\" data-end=\"2077\"><p data-start=\"2001\" data-end=\"2077\"><strong data-start=\"2001\" data-end=\"2021\">Ticari Projeler:<\/strong> \u0130\u015f d\u00fcnyas\u0131na uygun, prestijli ve fonksiyonel yap\u0131lar.<\/p><\/li><li data-start=\"2078\" data-end=\"2175\"><p data-start=\"2080\" data-end=\"2175\"><strong data-start=\"2080\" data-end=\"2108\">Anahtar Teslim \u00c7\u00f6z\u00fcmler:<\/strong> Proje planlamas\u0131ndan teslimata kadar t\u00fcm s\u00fcreci biz y\u00f6netiyoruz.<\/p><\/li><\/ul><p data-start=\"2177\" data-end=\"2316\"><strong data-start=\"2177\" data-end=\"2193\">Avantaj\u0131n\u0131z:<\/strong> Zaman\u0131nda, b\u00fct\u00e7eye uygun ve y\u00fcksek standartlarda tamamlanan projelerle hayalinizdeki ya\u015fam veya i\u015f alan\u0131na kavu\u015fursunuz.<\/p>\t\t\t\t\t\t<\/div>\n\t\t\t\t<\/div>\n\t\t\t\t\t<\/div>\n\t\t<\/div>\n\t\t\t\t\t<\/div>\n\t\t<\/section>\n\t\t\t\t<\/div>\n\t\t","protected":false},"excerpt":{"rendered":"<p>Hizmetlerimiz Uzmanl\u0131\u011f\u0131m\u0131zla Gelece\u011fe Y\u00f6n Veriyoruz Kuru\u00e7ay Group olarak, \u00fc\u00e7 farkl\u0131 sekt\u00f6rdeki uzmanl\u0131\u011f\u0131m\u0131z\u0131 tek \u00e7at\u0131 alt\u0131nda topluyor ve m\u00fc\u015fterilerimize yat\u0131r\u0131m, \u00fcretim ve in\u015faat alan\u0131nda g\u00fcvenilir \u00e7\u00f6z\u00fcmler sunuyoruz. Amac\u0131m\u0131z, her projede kaliteyi ve m\u00fc\u015fteri memnuniyetini en \u00fcst seviyede tutmak.\u00a0 Neden Kuru\u00e7ay Group? \u00c7ok Sekt\u00f6rl\u00fc Deneyim: Yat\u0131r\u0131m, \u00fcretim ve in\u015faat alanlar\u0131nda entegre \u00e7\u00f6z\u00fcmler. G\u00fcvenilir \u0130\u015f S\u00fcre\u00e7leri: \u015eeffaf, yasalara [&hellip;]<\/p>\n","protected":false},"author":1,"featured_media":0,"parent":0,"menu_order":0,"comment_status":"closed","ping_status":"closed","template":"elementor_header_footer","meta":{"om_disable_all_campaigns":false,"_monsterinsights_skip_tracking":false,"_monsterinsights_sitenote_active":false,"_monsterinsights_sitenote_note":"","_monsterinsights_sitenote_category":0,"footnotes":""},"class_list":["post-131","page","type-page","status-publish","hentry"],"aioseo_notices":[],"_links":{"self":[{"href":"https:\/\/kurucaygroup.com\/index.php?rest_route=\/wp\/v2\/pages\/131","targetHints":{"allow":["GET"]}}],"collection":[{"href":"https:\/\/kurucaygroup.com\/index.php?rest_route=\/wp\/v2\/pages"}],"about":[{"href":"https:\/\/kurucaygroup.com\/index.php?rest_route=\/wp\/v2\/types\/page"}],"author":[{"embeddable":true,"href":"https:\/\/kurucaygroup.com\/index.php?rest_route=\/wp\/v2\/users\/1"}],"replies":[{"embeddable":true,"href":"https:\/\/kurucaygroup.com\/index.php?rest_route=%2Fwp%2Fv2%2Fcomments&post=131"}],"version-history":[{"count":10,"href":"https:\/\/kurucaygroup.com\/index.php?rest_route=\/wp\/v2\/pages\/131\/revisions"}],"predecessor-version":[{"id":241,"href":"https:\/\/kurucaygroup.com\/index.php?rest_route=\/wp\/v2\/pages\/131\/revisions\/241"}],"wp:attachment":[{"href":"https:\/\/kurucaygroup.com\/index.php?rest_route=%2Fwp%2Fv2%2Fmedia&parent=131"}],"curies":[{"name":"wp","href":"https:\/\/api.w.org\/{rel}","templated":true}]}}